{"id":244,"date":"2021-02-25T21:51:28","date_gmt":"2021-02-25T20:51:28","guid":{"rendered":"https:\/\/www.andrzej-krynicki.com\/?page_id=244"},"modified":"2021-03-22T13:23:58","modified_gmt":"2021-03-22T12:23:58","slug":"portrait-portret","status":"publish","type":"page","link":"https:\/\/andrzej-krynicki.com\/?page_id=244","title":{"rendered":"PORTRAIT (Portret)"},"content":{"rendered":"<h3>Zdj\u0119cia zebrane w tym dziale s\u0105 mieszank\u0105 zdj\u0119\u0107 pozowanych, reporta\u017cowych i prawdopodobnie tak\u017ce &#8222;filmowych&#8221;. Po latach naprawd\u0119 ci\u0119\u017cko ustali\u0107 gdzie i jak powsta\u0142a cz\u0119\u015b\u0107 z nich.<\/h3>\n<ul id='portfolio-list' class='portfolio-list gallery galleryid-244 gallery-columns-3 pw-modern_blog_thumb'><li class=\"\">\r\n\t\t<div class=\"item\"><img loading=\"lazy\" decoding=\"async\" src=\"https:\/\/andrzej-krynicki.com\/wp-content\/themes\/big_gallery_wp\/img\/blank.png\" data-original=\"https:\/\/andrzej-krynicki.com\/wp-content\/uploads\/2021\/02\/IMGP5904_DxO_DxO-180x251.jpg\" alt=\"\" class=\"photo lazyload\" width=\"180\" height=\"251\" \/><a class=\"gallery_group\" rel=\"gallery_group\" href=\"https:\/\/andrzej-krynicki.com\/wp-content\/uploads\/2021\/02\/IMGP5904_DxO_DxO.jpg\" title=\"\"><\/a><div class=\"details\"><div class=\"mblogfooter2 custom_font\"><p>IMGP5904_DxO_DxO<\/p><\/div><\/div><div class=\"loupe\"><\/div><div><img decoding=\"async\" src=\"https:\/\/andrzej-krynicki.com\/wp-content\/themes\/big_gallery_wp\/img\/\/shadow.png\" class=\"shadow\" \/><\/div><\/div><\/li><li class=\"\">\r\n\t\t<div class=\"item\"><img loading=\"lazy\" decoding=\"async\" src=\"https:\/\/andrzej-krynicki.com\/wp-content\/themes\/big_gallery_wp\/img\/blank.png\" data-original=\"https:\/\/andrzej-krynicki.com\/wp-content\/uploads\/2021\/02\/IMGP5964_DxO_DxO-180x251.jpg\" alt=\"\" class=\"photo lazyload\" width=\"180\" height=\"251\" \/><a class=\"gallery_group\" rel=\"gallery_group\" href=\"https:\/\/andrzej-krynicki.com\/wp-content\/uploads\/2021\/02\/IMGP5964_DxO_DxO.jpg\" title=\"\"><\/a><div class=\"details\"><div class=\"mblogfooter2 custom_font\"><p>IMGP5964_DxO_DxO<\/p><\/div><\/div><div class=\"loupe\"><\/div><div><img decoding=\"async\" src=\"https:\/\/andrzej-krynicki.com\/wp-content\/themes\/big_gallery_wp\/img\/\/shadow.png\" class=\"shadow\" \/><\/div><\/div><\/li><li class=\"\">\r\n\t\t<div class=\"item\"><img loading=\"lazy\" decoding=\"async\" src=\"https:\/\/andrzej-krynicki.com\/wp-content\/themes\/big_gallery_wp\/img\/blank.png\" data-original=\"https:\/\/andrzej-krynicki.com\/wp-content\/uploads\/2021\/02\/ANDRZEJ-KRYNICKI-reprodukcje-005-Edit_DxO-180x251.jpg\" alt=\"\" class=\"photo lazyload\" width=\"180\" height=\"251\" \/><a class=\"gallery_group\" rel=\"gallery_group\" href=\"https:\/\/andrzej-krynicki.com\/wp-content\/uploads\/2021\/02\/ANDRZEJ-KRYNICKI-reprodukcje-005-Edit_DxO.jpg\" title=\"\"><\/a><div class=\"details\"><div class=\"mblogfooter2 custom_font\"><p>ANDRZEJ KRYNICKI &#8211; reprodukcje-005-Edit_DxO<\/p><\/div><\/div><div class=\"loupe\"><\/div><div><img decoding=\"async\" src=\"https:\/\/andrzej-krynicki.com\/wp-content\/themes\/big_gallery_wp\/img\/\/shadow.png\" class=\"shadow\" \/><\/div><\/div><\/li><li class=\"\">\r\n\t\t<div class=\"item\"><img loading=\"lazy\" decoding=\"async\" src=\"https:\/\/andrzej-krynicki.com\/wp-content\/themes\/big_gallery_wp\/img\/blank.png\" data-original=\"https:\/\/andrzej-krynicki.com\/wp-content\/uploads\/2021\/02\/KRY_9367_DxO-180x251.jpg\" alt=\"\" class=\"photo lazyload\" width=\"180\" height=\"251\" \/><a class=\"gallery_group\" rel=\"gallery_group\" href=\"https:\/\/andrzej-krynicki.com\/wp-content\/uploads\/2021\/02\/KRY_9367_DxO.jpg\" title=\"\"><\/a><div class=\"details\"><div class=\"mblogfooter2 custom_font\"><p>KRY_9367_DxO<\/p><\/div><\/div><div class=\"loupe\"><\/div><div><img decoding=\"async\" src=\"https:\/\/andrzej-krynicki.com\/wp-content\/themes\/big_gallery_wp\/img\/\/shadow.png\" class=\"shadow\" \/><\/div><\/div><\/li><li class=\"\">\r\n\t\t<div class=\"item\"><img loading=\"lazy\" decoding=\"async\" src=\"https:\/\/andrzej-krynicki.com\/wp-content\/themes\/big_gallery_wp\/img\/blank.png\" data-original=\"https:\/\/andrzej-krynicki.com\/wp-content\/uploads\/2021\/02\/KRY_5833_DxO-180x251.jpg\" alt=\"\" class=\"photo lazyload\" width=\"180\" height=\"251\" \/><a class=\"gallery_group\" rel=\"gallery_group\" href=\"https:\/\/andrzej-krynicki.com\/wp-content\/uploads\/2021\/02\/KRY_5833_DxO.jpg\" title=\"\"><\/a><div class=\"details\"><div class=\"mblogfooter2 custom_font\"><p>KRY_5833_DxO<\/p><\/div><\/div><div class=\"loupe\"><\/div><div><img decoding=\"async\" src=\"https:\/\/andrzej-krynicki.com\/wp-content\/themes\/big_gallery_wp\/img\/\/shadow.png\" class=\"shadow\" \/><\/div><\/div><\/li><li class=\"\">\r\n\t\t<div class=\"item\"><img loading=\"lazy\" decoding=\"async\" src=\"https:\/\/andrzej-krynicki.com\/wp-content\/themes\/big_gallery_wp\/img\/blank.png\" data-original=\"https:\/\/andrzej-krynicki.com\/wp-content\/uploads\/2021\/02\/KRY_5832_DxO-180x251.jpg\" alt=\"\" class=\"photo lazyload\" width=\"180\" height=\"251\" \/><a class=\"gallery_group\" rel=\"gallery_group\" href=\"https:\/\/andrzej-krynicki.com\/wp-content\/uploads\/2021\/02\/KRY_5832_DxO.jpg\" title=\"\"><\/a><div class=\"details\"><div class=\"mblogfooter2 custom_font\"><p>KRY_5832_DxO<\/p><\/div><\/div><div class=\"loupe\"><\/div><div><img decoding=\"async\" src=\"https:\/\/andrzej-krynicki.com\/wp-content\/themes\/big_gallery_wp\/img\/\/shadow.png\" class=\"shadow\" \/><\/div><\/div><\/li><li class=\"\">\r\n\t\t<div class=\"item\"><img loading=\"lazy\" decoding=\"async\" src=\"https:\/\/andrzej-krynicki.com\/wp-content\/themes\/big_gallery_wp\/img\/blank.png\" data-original=\"https:\/\/andrzej-krynicki.com\/wp-content\/uploads\/2021\/02\/KRY_5825-Edit_DxO-180x251.jpg\" alt=\"\" class=\"photo lazyload\" width=\"180\" height=\"251\" \/><a class=\"gallery_group\" rel=\"gallery_group\" href=\"https:\/\/andrzej-krynicki.com\/wp-content\/uploads\/2021\/02\/KRY_5825-Edit_DxO.jpg\" title=\"\"><\/a><div class=\"details\"><div class=\"mblogfooter2 custom_font\"><p>KRY_5825-Edit_DxO<\/p><\/div><\/div><div class=\"loupe\"><\/div><div><img decoding=\"async\" src=\"https:\/\/andrzej-krynicki.com\/wp-content\/themes\/big_gallery_wp\/img\/\/shadow.png\" class=\"shadow\" \/><\/div><\/div><\/li><li class=\"\">\r\n\t\t<div class=\"item\"><img loading=\"lazy\" decoding=\"async\" src=\"https:\/\/andrzej-krynicki.com\/wp-content\/themes\/big_gallery_wp\/img\/blank.png\" data-original=\"https:\/\/andrzej-krynicki.com\/wp-content\/uploads\/2021\/02\/KRY_5822-Edit-2_DxO-180x251.jpg\" alt=\"\" class=\"photo lazyload\" width=\"180\" height=\"251\" \/><a class=\"gallery_group\" rel=\"gallery_group\" href=\"https:\/\/andrzej-krynicki.com\/wp-content\/uploads\/2021\/02\/KRY_5822-Edit-2_DxO.jpg\" title=\"\"><\/a><div class=\"details\"><div class=\"mblogfooter2 custom_font\"><p>KRY_5822-Edit-2_DxO<\/p><\/div><\/div><div class=\"loupe\"><\/div><div><img decoding=\"async\" src=\"https:\/\/andrzej-krynicki.com\/wp-content\/themes\/big_gallery_wp\/img\/\/shadow.png\" class=\"shadow\" \/><\/div><\/div><\/li><li class=\"\">\r\n\t\t<div class=\"item\"><img loading=\"lazy\" decoding=\"async\" src=\"https:\/\/andrzej-krynicki.com\/wp-content\/themes\/big_gallery_wp\/img\/blank.png\" data-original=\"https:\/\/andrzej-krynicki.com\/wp-content\/uploads\/2021\/02\/IMGP6006_DxO_DxO-1-180x251.jpg\" alt=\"\" class=\"photo lazyload\" width=\"180\" height=\"251\" \/><a class=\"gallery_group\" rel=\"gallery_group\" href=\"https:\/\/andrzej-krynicki.com\/wp-content\/uploads\/2021\/02\/IMGP6006_DxO_DxO-1.jpg\" title=\"\"><\/a><div class=\"details\"><div class=\"mblogfooter2 custom_font\"><p>IMGP6006_DxO_DxO<\/p><\/div><\/div><div class=\"loupe\"><\/div><div><img decoding=\"async\" src=\"https:\/\/andrzej-krynicki.com\/wp-content\/themes\/big_gallery_wp\/img\/\/shadow.png\" class=\"shadow\" \/><\/div><\/div><\/li><li class=\"\">\r\n\t\t<div class=\"item\"><img loading=\"lazy\" decoding=\"async\" src=\"https:\/\/andrzej-krynicki.com\/wp-content\/themes\/big_gallery_wp\/img\/blank.png\" data-original=\"https:\/\/andrzej-krynicki.com\/wp-content\/uploads\/2021\/02\/IMGP5957_DxO_DxO-180x251.jpg\" alt=\"\" class=\"photo lazyload\" width=\"180\" height=\"251\" \/><a class=\"gallery_group\" rel=\"gallery_group\" href=\"https:\/\/andrzej-krynicki.com\/wp-content\/uploads\/2021\/02\/IMGP5957_DxO_DxO.jpg\" title=\"\"><\/a><div class=\"details\"><div class=\"mblogfooter2 custom_font\"><p>IMGP5957_DxO_DxO<\/p><\/div><\/div><div class=\"loupe\"><\/div><div><img decoding=\"async\" src=\"https:\/\/andrzej-krynicki.com\/wp-content\/themes\/big_gallery_wp\/img\/\/shadow.png\" class=\"shadow\" \/><\/div><\/div><\/li><li class=\"\">\r\n\t\t<div class=\"item\"><img loading=\"lazy\" decoding=\"async\" src=\"https:\/\/andrzej-krynicki.com\/wp-content\/themes\/big_gallery_wp\/img\/blank.png\" data-original=\"https:\/\/andrzej-krynicki.com\/wp-content\/uploads\/2021\/02\/IMGP5933_DxO_DxO-180x251.jpg\" alt=\"\" class=\"photo lazyload\" width=\"180\" height=\"251\" \/><a class=\"gallery_group\" rel=\"gallery_group\" href=\"https:\/\/andrzej-krynicki.com\/wp-content\/uploads\/2021\/02\/IMGP5933_DxO_DxO.jpg\" title=\"\"><\/a><div class=\"details\"><div class=\"mblogfooter2 custom_font\"><p>IMGP5933_DxO_DxO<\/p><\/div><\/div><div class=\"loupe\"><\/div><div><img decoding=\"async\" src=\"https:\/\/andrzej-krynicki.com\/wp-content\/themes\/big_gallery_wp\/img\/\/shadow.png\" class=\"shadow\" \/><\/div><\/div><\/li><li class=\"\">\r\n\t\t<div class=\"item\"><img loading=\"lazy\" decoding=\"async\" src=\"https:\/\/andrzej-krynicki.com\/wp-content\/themes\/big_gallery_wp\/img\/blank.png\" data-original=\"https:\/\/andrzej-krynicki.com\/wp-content\/uploads\/2021\/03\/DSC07284_DxO-180x251.jpg\" alt=\"\" class=\"photo lazyload\" width=\"180\" height=\"251\" \/><a class=\"gallery_group\" rel=\"gallery_group\" href=\"https:\/\/andrzej-krynicki.com\/wp-content\/uploads\/2021\/03\/DSC07284_DxO.jpg\" title=\"\"><\/a><div class=\"details\"><div class=\"mblogfooter2 custom_font\"><p>DSC07284_DxO<\/p><\/div><\/div><div class=\"loupe\"><\/div><div><img decoding=\"async\" src=\"https:\/\/andrzej-krynicki.com\/wp-content\/themes\/big_gallery_wp\/img\/\/shadow.png\" class=\"shadow\" \/><\/div><\/div><\/li><li class=\"\">\r\n\t\t<div class=\"item\"><img loading=\"lazy\" decoding=\"async\" src=\"https:\/\/andrzej-krynicki.com\/wp-content\/themes\/big_gallery_wp\/img\/blank.png\" data-original=\"https:\/\/andrzej-krynicki.com\/wp-content\/uploads\/2021\/03\/DSC07294_DxO_DxO-180x251.jpg\" alt=\"\" class=\"photo lazyload\" width=\"180\" height=\"251\" \/><a class=\"gallery_group\" rel=\"gallery_group\" href=\"https:\/\/andrzej-krynicki.com\/wp-content\/uploads\/2021\/03\/DSC07294_DxO_DxO.jpg\" title=\"\"><\/a><div class=\"details\"><div class=\"mblogfooter2 custom_font\"><p>DSC07294_DxO_DxO<\/p><\/div><\/div><div class=\"loupe\"><\/div><div><img decoding=\"async\" src=\"https:\/\/andrzej-krynicki.com\/wp-content\/themes\/big_gallery_wp\/img\/\/shadow.png\" class=\"shadow\" \/><\/div><\/div><\/li><\/ul><div class='clear'><\/div>\n\n<p>&nbsp;<\/p>\n","protected":false},"excerpt":{"rendered":"<p>Zdj\u0119cia zebrane w tym dziale s\u0105 mieszank\u0105 zdj\u0119\u0107 pozowanych, reporta\u017cowych i prawdopodobnie tak\u017ce &#8222;filmowych&#8221;. Po latach naprawd\u0119 ci\u0119\u017cko ustali\u0107 gdzie i jak powsta\u0142a cz\u0119\u015b\u0107 z [&hellip;]<\/p>\n","protected":false},"author":1,"featured_media":0,"parent":0,"menu_order":0,"comment_status":"closed","ping_status":"closed","template":"","meta":{"footnotes":""},"class_list":["post-244","page","type-page","status-publish","hentry"],"_links":{"self":[{"href":"https:\/\/andrzej-krynicki.com\/index.php?rest_route=\/wp\/v2\/pages\/244","targetHints":{"allow":["GET"]}}],"collection":[{"href":"https:\/\/andrzej-krynicki.com\/index.php?rest_route=\/wp\/v2\/pages"}],"about":[{"href":"https:\/\/andrzej-krynicki.com\/index.php?rest_route=\/wp\/v2\/types\/page"}],"author":[{"embeddable":true,"href":"https:\/\/andrzej-krynicki.com\/index.php?rest_route=\/wp\/v2\/users\/1"}],"replies":[{"embeddable":true,"href":"https:\/\/andrzej-krynicki.com\/index.php?rest_route=%2Fwp%2Fv2%2Fcomments&post=244"}],"version-history":[{"count":8,"href":"https:\/\/andrzej-krynicki.com\/index.php?rest_route=\/wp\/v2\/pages\/244\/revisions"}],"predecessor-version":[{"id":268,"href":"https:\/\/andrzej-krynicki.com\/index.php?rest_route=\/wp\/v2\/pages\/244\/revisions\/268"}],"wp:attachment":[{"href":"https:\/\/andrzej-krynicki.com\/index.php?rest_route=%2Fwp%2Fv2%2Fmedia&parent=244"}],"curies":[{"name":"wp","href":"https:\/\/api.w.org\/{rel}","templated":true}]}}